{"id":37,"date":"2004-01-07T01:06:19","date_gmt":"2004-01-07T00:06:19","guid":{"rendered":"http:\/\/td_uid_2_5c80607bc9165"},"modified":"2021-03-07T00:49:06","modified_gmt":"2021-03-06T23:49:06","slug":"o-nas","status":"publish","type":"page","link":"https:\/\/www.sklepplastyczny.pl\/artykuly\/o-nas\/","title":{"rendered":"O nas"},"content":{"rendered":"<p>Od samego pocz\u0105tku nasz\u0105 misj\u0105 jest rzetelno\u015b\u0107 i uczciwo\u015b\u0107 we wszystkich naszych dzia\u0142aniach.\u00a0 <em><strong>Chocia\u017c Internet jak papier mo\u017ce przyj\u0105\u0107 wszystko, to my od 2004 roku dzia\u0142amy nieprzerwanie pod nazw\u0105 &#8222;Sklep Plastyczny&#8221;. <\/strong><\/em><\/p>\n<p><em>Rys historyczny:<\/em><\/p>\n<p><em>Od 9 stycznia 2004 roku serwis Sklep-plastyczny.pl prowadzony by\u0142 przez firm\u0119 ArtGabi z Tarnowa &#8211; widok serwisu poni\u017cej<\/em><strong>.\u00a0<\/strong><\/p>\n<blockquote><p>Sklep Plastyczny dzia\u0142a od 2004 roku pod nazw\u0105 &#8222;Sklep plastyczny.pl&#8221;<\/p><\/blockquote>\n<figure id=\"attachment_297\" aria-describedby=\"caption-attachment-297\" style=\"width: 781px\" class=\"wp-caption aligncenter\"><a href=\"https:\/\/www.sklepplastyczny.pl\/artykuly\/wp-content\/uploads\/2019\/04\/sklep-2004-archiwum.jpg\"><img loading=\"lazy\" decoding=\"async\" class=\"wp-image-297 size-full\" src=\"https:\/\/www.sklepplastyczny.pl\/artykuly\/wp-content\/uploads\/2019\/04\/sklep-2004-archiwum.jpg\" alt=\"Sklep w wersji z 2004\" width=\"781\" height=\"708\" \/><\/a><figcaption id=\"caption-attachment-297\" class=\"wp-caption-text\">Wersja sklepu z 2004 roku.<\/figcaption><\/figure>\n<p><em>Od 2005 roku w naszych dzia\u0142aniach wspiera nas te\u017c serwis internetowy Plastyk.pl<\/em><\/p>\n<p>Zatem, je\u015bli spotykasz w sieci sklepy, kt\u00f3re za wszelk\u0105 cen\u0119 chc\u0105 przypomina\u0107 <strong>SklepPlastyczny<\/strong> kolorami szaty graficznej, opisami lub nazw\u0105, to pomy\u015bl przez chwil\u0119 tak jak Plastyk. Jak czuje si\u0119 Tw\u00f3rca gdy widzi splagiatowan\u0105 swoj\u0105 prac\u0119?<\/p>\n<p>Chcesz pozna\u0107 opinie o SklepPlastyczny? Zapraszamy na nasz\u0105 stron\u0119 na <a href=\"https:\/\/www.facebook.com\/sklepplastyczny\/\">Facebooku<\/a>. Linki znajdziesz mi\u0119dzy innymi w stopce serwisu.<\/p>\n","protected":false},"excerpt":{"rendered":"<p>Od samego pocz\u0105tku nasz\u0105 misj\u0105 jest rzetelno\u015b\u0107 i uczciwo\u015b\u0107 we wszystkich naszych dzia\u0142aniach.\u00a0 Chocia\u017c Internet jak papier mo\u017ce przyj\u0105\u0107 wszystko, to my od 2004 roku dzia\u0142amy nieprzerwanie pod nazw\u0105 &#8222;Sklep Plastyczny&#8221;. Rys historyczny: Od 9 stycznia 2004 roku serwis Sklep-plastyczny.pl prowadzony by\u0142 przez firm\u0119 ArtGabi &hellip; <\/p>\n","protected":false},"author":1,"featured_media":0,"parent":0,"menu_order":0,"comment_status":"open","ping_status":"closed","template":"","meta":{"footnotes":""},"yoast_head":"<!-- This site is optimized with the Yoast SEO plugin v16.7 - https:\/\/yoast.com\/wordpress\/plugins\/seo\/ -->\n<title>O nas - SklepPlastyczny.pl\/Artyku\u0142y\/<\/title>\n<meta name=\"robots\" content=\"index, follow, max-snippet:-1, max-image-preview:large, max-video-preview:-1\" \/>\n<link rel=\"canonical\" href=\"https:\/\/www.sklepplastyczny.pl\/artykuly\/o-nas\/\" \/>\n<meta property=\"og:locale\" content=\"pl_PL\" \/>\n<meta property=\"og:type\" content=\"article\" \/>\n<meta property=\"og:title\" content=\"O nas - SklepPlastyczny.pl\/Artyku\u0142y\/\" \/>\n<meta property=\"og:description\" content=\"Od samego pocz\u0105tku nasz\u0105 misj\u0105 jest rzetelno\u015b\u0107 i uczciwo\u015b\u0107 we wszystkich naszych dzia\u0142aniach.\u00a0 Chocia\u017c Internet jak papier mo\u017ce przyj\u0105\u0107 wszystko, to my od 2004 roku dzia\u0142amy nieprzerwanie pod nazw\u0105 &#8222;Sklep Plastyczny&#8221;. Rys historyczny: Od 9 stycznia 2004 roku serwis Sklep-plastyczny.pl prowadzony by\u0142 przez firm\u0119 ArtGabi &hellip;\" \/>\n<meta property=\"og:url\" content=\"https:\/\/www.sklepplastyczny.pl\/artykuly\/o-nas\/\" \/>\n<meta property=\"og:site_name\" content=\"SklepPlastyczny.pl\/Artyku\u0142y\/\" \/>\n<meta property=\"article:modified_time\" content=\"2021-03-06T23:49:06+00:00\" \/>\n<meta property=\"og:image\" content=\"https:\/\/www.sklepplastyczny.pl\/artykuly\/wp-content\/uploads\/2019\/04\/sklep-2004-archiwum.jpg\" \/>\n<meta name=\"twitter:card\" content=\"summary_large_image\" \/>\n<meta name=\"twitter:label1\" content=\"Szacowany czas czytania\" \/>\n\t<meta name=\"twitter:data1\" content=\"1 minuta\" \/>\n<script type=\"application\/ld+json\" class=\"yoast-schema-graph\">{\"@context\":\"https:\/\/schema.org\",\"@graph\":[{\"@type\":\"WebSite\",\"@id\":\"https:\/\/www.sklepplastyczny.pl\/artykuly\/#website\",\"url\":\"https:\/\/www.sklepplastyczny.pl\/artykuly\/\",\"name\":\"SklepPlastyczny.pl\/Artyku\\u0142y\/\",\"description\":\"Witaj na naszym Blogu. Tu znajdziesz wszystkie dodatkowe informacje na temat naszego sklepu, aktualnych wydarze\\u0144 oraz interesuj\\u0105cych temat\\u00f3w ze \\u015bwiata sztuki.\",\"potentialAction\":[{\"@type\":\"SearchAction\",\"target\":{\"@type\":\"EntryPoint\",\"urlTemplate\":\"https:\/\/www.sklepplastyczny.pl\/artykuly\/?s={search_term_string}\"},\"query-input\":\"required name=search_term_string\"}],\"inLanguage\":\"pl-PL\"},{\"@type\":\"ImageObject\",\"@id\":\"https:\/\/www.sklepplastyczny.pl\/artykuly\/o-nas\/#primaryimage\",\"inLanguage\":\"pl-PL\",\"url\":\"https:\/\/www.sklepplastyczny.pl\/artykuly\/wp-content\/uploads\/2019\/04\/sklep-2004-archiwum.jpg\",\"contentUrl\":\"https:\/\/www.sklepplastyczny.pl\/artykuly\/wp-content\/uploads\/2019\/04\/sklep-2004-archiwum.jpg\"},{\"@type\":\"WebPage\",\"@id\":\"https:\/\/www.sklepplastyczny.pl\/artykuly\/o-nas\/#webpage\",\"url\":\"https:\/\/www.sklepplastyczny.pl\/artykuly\/o-nas\/\",\"name\":\"O nas - SklepPlastyczny.pl\/Artyku\\u0142y\/\",\"isPartOf\":{\"@id\":\"https:\/\/www.sklepplastyczny.pl\/artykuly\/#website\"},\"primaryImageOfPage\":{\"@id\":\"https:\/\/www.sklepplastyczny.pl\/artykuly\/o-nas\/#primaryimage\"},\"datePublished\":\"2004-01-07T00:06:19+00:00\",\"dateModified\":\"2021-03-06T23:49:06+00:00\",\"breadcrumb\":{\"@id\":\"https:\/\/www.sklepplastyczny.pl\/artykuly\/o-nas\/#breadcrumb\"},\"inLanguage\":\"pl-PL\",\"potentialAction\":[{\"@type\":\"ReadAction\",\"target\":[\"https:\/\/www.sklepplastyczny.pl\/artykuly\/o-nas\/\"]}]},{\"@type\":\"BreadcrumbList\",\"@id\":\"https:\/\/www.sklepplastyczny.pl\/artykuly\/o-nas\/#breadcrumb\",\"itemListElement\":[{\"@type\":\"ListItem\",\"position\":1,\"name\":\"SklepPlastyczny.pl\",\"item\":\"https:\/\/www.sklepplastyczny.pl\/artykuly\/\"},{\"@type\":\"ListItem\",\"position\":2,\"name\":\"O nas\"}]}]}<\/script>\n<!-- \/ Yoast SEO plugin. -->","yoast_head_json":{"title":"O nas - SklepPlastyczny.pl\/Artyku\u0142y\/","robots":{"index":"index","follow":"follow","max-snippet":"max-snippet:-1","max-image-preview":"max-image-preview:large","max-video-preview":"max-video-preview:-1"},"canonical":"https:\/\/www.sklepplastyczny.pl\/artykuly\/o-nas\/","og_locale":"pl_PL","og_type":"article","og_title":"O nas - SklepPlastyczny.pl\/Artyku\u0142y\/","og_description":"Od samego pocz\u0105tku nasz\u0105 misj\u0105 jest rzetelno\u015b\u0107 i uczciwo\u015b\u0107 we wszystkich naszych dzia\u0142aniach.\u00a0 Chocia\u017c Internet jak papier mo\u017ce przyj\u0105\u0107 wszystko, to my od 2004 roku dzia\u0142amy nieprzerwanie pod nazw\u0105 &#8222;Sklep Plastyczny&#8221;. Rys historyczny: Od 9 stycznia 2004 roku serwis Sklep-plastyczny.pl prowadzony by\u0142 przez firm\u0119 ArtGabi &hellip;","og_url":"https:\/\/www.sklepplastyczny.pl\/artykuly\/o-nas\/","og_site_name":"SklepPlastyczny.pl\/Artyku\u0142y\/","article_modified_time":"2021-03-06T23:49:06+00:00","og_image":[{"url":"https:\/\/www.sklepplastyczny.pl\/artykuly\/wp-content\/uploads\/2019\/04\/sklep-2004-archiwum.jpg"}],"twitter_card":"summary_large_image","twitter_misc":{"Szacowany czas czytania":"1 minuta"},"schema":{"@context":"https:\/\/schema.org","@graph":[{"@type":"WebSite","@id":"https:\/\/www.sklepplastyczny.pl\/artykuly\/#website","url":"https:\/\/www.sklepplastyczny.pl\/artykuly\/","name":"SklepPlastyczny.pl\/Artyku\u0142y\/","description":"Witaj na naszym Blogu. Tu znajdziesz wszystkie dodatkowe informacje na temat naszego sklepu, aktualnych wydarze\u0144 oraz interesuj\u0105cych temat\u00f3w ze \u015bwiata sztuki.","potentialAction":[{"@type":"SearchAction","target":{"@type":"EntryPoint","urlTemplate":"https:\/\/www.sklepplastyczny.pl\/artykuly\/?s={search_term_string}"},"query-input":"required name=search_term_string"}],"inLanguage":"pl-PL"},{"@type":"ImageObject","@id":"https:\/\/www.sklepplastyczny.pl\/artykuly\/o-nas\/#primaryimage","inLanguage":"pl-PL","url":"https:\/\/www.sklepplastyczny.pl\/artykuly\/wp-content\/uploads\/2019\/04\/sklep-2004-archiwum.jpg","contentUrl":"https:\/\/www.sklepplastyczny.pl\/artykuly\/wp-content\/uploads\/2019\/04\/sklep-2004-archiwum.jpg"},{"@type":"WebPage","@id":"https:\/\/www.sklepplastyczny.pl\/artykuly\/o-nas\/#webpage","url":"https:\/\/www.sklepplastyczny.pl\/artykuly\/o-nas\/","name":"O nas - SklepPlastyczny.pl\/Artyku\u0142y\/","isPartOf":{"@id":"https:\/\/www.sklepplastyczny.pl\/artykuly\/#website"},"primaryImageOfPage":{"@id":"https:\/\/www.sklepplastyczny.pl\/artykuly\/o-nas\/#primaryimage"},"datePublished":"2004-01-07T00:06:19+00:00","dateModified":"2021-03-06T23:49:06+00:00","breadcrumb":{"@id":"https:\/\/www.sklepplastyczny.pl\/artykuly\/o-nas\/#breadcrumb"},"inLanguage":"pl-PL","potentialAction":[{"@type":"ReadAction","target":["https:\/\/www.sklepplastyczny.pl\/artykuly\/o-nas\/"]}]},{"@type":"BreadcrumbList","@id":"https:\/\/www.sklepplastyczny.pl\/artykuly\/o-nas\/#breadcrumb","itemListElement":[{"@type":"ListItem","position":1,"name":"SklepPlastyczny.pl","item":"https:\/\/www.sklepplastyczny.pl\/artykuly\/"},{"@type":"ListItem","position":2,"name":"O nas"}]}]}},"_links":{"self":[{"href":"https:\/\/www.sklepplastyczny.pl\/artykuly\/wp-json\/wp\/v2\/pages\/37"}],"collection":[{"href":"https:\/\/www.sklepplastyczny.pl\/artykuly\/wp-json\/wp\/v2\/pages"}],"about":[{"href":"https:\/\/www.sklepplastyczny.pl\/artykuly\/wp-json\/wp\/v2\/types\/page"}],"author":[{"embeddable":true,"href":"https:\/\/www.sklepplastyczny.pl\/artykuly\/wp-json\/wp\/v2\/users\/1"}],"replies":[{"embeddable":true,"href":"https:\/\/www.sklepplastyczny.pl\/artykuly\/wp-json\/wp\/v2\/comments?post=37"}],"version-history":[{"count":1,"href":"https:\/\/www.sklepplastyczny.pl\/artykuly\/wp-json\/wp\/v2\/pages\/37\/revisions"}],"predecessor-version":[{"id":281,"href":"https:\/\/www.sklepplastyczny.pl\/artykuly\/wp-json\/wp\/v2\/pages\/37\/revisions\/281"}],"wp:attachment":[{"href":"https:\/\/www.sklepplastyczny.pl\/artykuly\/wp-json\/wp\/v2\/media?parent=37"}],"curies":[{"name":"wp","href":"https:\/\/api.w.org\/{rel}","templated":true}]}}